{"id":27993,"date":"2026-03-19T18:31:18","date_gmt":"2026-03-20T00:31:18","guid":{"rendered":"https:\/\/tienda2.actualizandome.com\/?post_type=product&#038;p=27993"},"modified":"2026-04-23T11:12:25","modified_gmt":"2026-04-23T17:12:25","slug":"renovacion-de-certificado-digital-imss","status":"publish","type":"product","link":"https:\/\/tienda2.actualizandome.com\/?product=renovacion-de-certificado-digital-imss","title":{"rendered":"Renovaci\u00f3n de Certificado Digital IMSS"},"content":{"rendered":"","protected":false},"excerpt":{"rendered":"<p data-start=\"433\" data-end=\"614\">Evita errores, p\u00e9rdidas de tiempo y complicaciones t\u00e9cnicas.<br data-start=\"493\" data-end=\"496\" \/>Con nuestro servicio de <strong data-start=\"520\" data-end=\"562\">Renovaci\u00f3n de Certificado Digital IMSS<\/strong>, nosotros nos encargamos de todo el proceso por ti.<\/p>\n<p data-start=\"433\" data-end=\"614\"><span style=\"color: #3366ff;\"><strong>Precio exclusivo para suscriptores CTI: $400<\/strong><\/span><\/p>\n<p data-start=\"616\" data-end=\"830\">Desde la generaci\u00f3n hasta la obtenci\u00f3n del nuevo certificado, nuestro equipo realiza la gesti\u00f3n completa, asegurando que cumplas correctamente con los requisitos del IMSS y evitando rechazos o fallas en el tr\u00e1mite.<\/p>\n<p data-start=\"832\" data-end=\"915\">T\u00fa solo proporcionas la informaci\u00f3n necesaria, y nosotros nos encargamos del resto.<\/p>\n<p data-start=\"917\" data-end=\"932\"><strong data-start=\"917\" data-end=\"932\">Beneficios:<\/strong><\/p>\n<ul data-start=\"933\" data-end=\"1143\">\n<li data-section-id=\"em9sm3\" data-start=\"933\" data-end=\"998\">\n<p data-start=\"935\" data-end=\"998\">\u2714 Servicio totalmente gestionado (nosotros lo hacemos por ti)<\/p>\n<\/li>\n<li data-section-id=\"1wwil5v\" data-start=\"999\" data-end=\"1036\">\n<p data-start=\"1001\" data-end=\"1036\">\u2714 Reducci\u00f3n de errores y rechazos<\/p>\n<\/li>\n<li data-section-id=\"10u9x6b\" data-start=\"1037\" data-end=\"1069\">\n<p data-start=\"1039\" data-end=\"1069\">\u2714 Ahorro de tiempo operativo<\/p>\n<\/li>\n<li data-section-id=\"11a9p6u\" data-start=\"1070\" data-end=\"1098\">\n<p data-start=\"1072\" data-end=\"1098\">\u2714 Atenci\u00f3n especializada<\/p>\n<\/li>\n<li data-section-id=\"1lcyc46\" data-start=\"1099\" data-end=\"1143\">\n<p data-start=\"1101\" data-end=\"1143\">\u2714 Entrega del certificado listo para uso<\/p>\n<\/li>\n<\/ul>\n<p data-start=\"1145\" data-end=\"1243\"><strong data-start=\"1145\" data-end=\"1160\">Ideal para:<\/strong><br \/>\nEmpresas y despachos que prefieren delegar el proceso y enfocarse en su operaci\u00f3n.<\/p>\n","protected":false},"featured_media":27994,"template":"","meta":[],"product_brand":[],"product_cat":[31,33],"product_tag":[],"class_list":{"0":"post-27993","1":"product","2":"type-product","3":"status-publish","4":"has-post-thumbnail","6":"product_cat-sin-categoria","7":"product_cat-servicio","9":"first","10":"instock","11":"virtual","12":"purchasable","13":"product-type-simple"},"_links":{"self":[{"href":"https:\/\/tienda2.actualizandome.com\/index.php?rest_route=\/wp\/v2\/product\/27993","targetHints":{"allow":["GET"]}}],"collection":[{"href":"https:\/\/tienda2.actualizandome.com\/index.php?rest_route=\/wp\/v2\/product"}],"about":[{"href":"https:\/\/tienda2.actualizandome.com\/index.php?rest_route=\/wp\/v2\/types\/product"}],"wp:featuredmedia":[{"embeddable":true,"href":"https:\/\/tienda2.actualizandome.com\/index.php?rest_route=\/wp\/v2\/media\/27994"}],"wp:attachment":[{"href":"https:\/\/tienda2.actualizandome.com\/index.php?rest_route=%2Fwp%2Fv2%2Fmedia&parent=27993"}],"wp:term":[{"taxonomy":"product_brand","embeddable":true,"href":"https:\/\/tienda2.actualizandome.com\/index.php?rest_route=%2Fwp%2Fv2%2Fproduct_brand&post=27993"},{"taxonomy":"product_cat","embeddable":true,"href":"https:\/\/tienda2.actualizandome.com\/index.php?rest_route=%2Fwp%2Fv2%2Fproduct_cat&post=27993"},{"taxonomy":"product_tag","embeddable":true,"href":"https:\/\/tienda2.actualizandome.com\/index.php?rest_route=%2Fwp%2Fv2%2Fproduct_tag&post=27993"}],"curies":[{"name":"wp","href":"https:\/\/api.w.org\/{rel}","templated":true}]}}