{"id":26928,"date":"2025-07-18T13:13:47","date_gmt":"2025-07-18T18:13:47","guid":{"rendered":"https:\/\/tienda2.actualizandome.com\/?post_type=product&#038;p=26928"},"modified":"2026-02-25T13:33:52","modified_gmt":"2026-02-25T19:33:52","slug":"cfdi-nominas-version-escritorio-version-4-0-100-timbres","status":"publish","type":"product","link":"https:\/\/tienda2.actualizandome.com\/?product=cfdi-nominas-version-escritorio-version-4-0-100-timbres","title":{"rendered":"CFDI N\u00d3MINAS Versi\u00f3n Escritorio (Versi\u00f3n. 4.0) 100 timbres"},"content":{"rendered":"","protected":false},"excerpt":{"rendered":"<p align=\"center\"><strong>El programa no tienen costo, solo compra los timbres que requieras.<\/strong><\/p>\n<p><strong><em>El programa deja de ser compatible para Windows XP, Windows Vista, Windows Embedded y Windows 7, no se dara soporte a estos sistemas operativos.<\/em><\/strong><\/p>\n<p><strong>Requerido Windows 8 o superior.<\/strong><\/p>\n<p><strong>Instala el programa para timbrar recibos de n\u00f3mina 4.0<\/strong><\/p>\n<p><a href=\"https:\/\/www.todocfdi.com.mx\/demo\/cfdinomina2022\/index.html\">http:\/\/www.todocfdi.com.mx\/demo\/cfdinomina2018\/index.html<\/a><\/p>\n<p>Si ya tienes la versi\u00f3n 2018, el nuevo programa tomar\u00e1 toda la informaci\u00f3n, datos fiscales, empleados, csd, numeraci\u00f3n de folio, etc. Tendr\u00e1s dos programas por que el Sat permite la convivencia de la versi\u00f3n 3.3 y la 4.0<\/p>\n","protected":false},"featured_media":26929,"template":"","meta":[],"product_brand":[],"product_cat":[16],"product_tag":[],"class_list":{"0":"post-26928","1":"product","2":"type-product","3":"status-publish","4":"has-post-thumbnail","6":"product_cat-cfdi","8":"first","9":"instock","10":"virtual","11":"purchasable","12":"product-type-simple"},"_links":{"self":[{"href":"https:\/\/tienda2.actualizandome.com\/index.php?rest_route=\/wp\/v2\/product\/26928","targetHints":{"allow":["GET"]}}],"collection":[{"href":"https:\/\/tienda2.actualizandome.com\/index.php?rest_route=\/wp\/v2\/product"}],"about":[{"href":"https:\/\/tienda2.actualizandome.com\/index.php?rest_route=\/wp\/v2\/types\/product"}],"wp:featuredmedia":[{"embeddable":true,"href":"https:\/\/tienda2.actualizandome.com\/index.php?rest_route=\/wp\/v2\/media\/26929"}],"wp:attachment":[{"href":"https:\/\/tienda2.actualizandome.com\/index.php?rest_route=%2Fwp%2Fv2%2Fmedia&parent=26928"}],"wp:term":[{"taxonomy":"product_brand","embeddable":true,"href":"https:\/\/tienda2.actualizandome.com\/index.php?rest_route=%2Fwp%2Fv2%2Fproduct_brand&post=26928"},{"taxonomy":"product_cat","embeddable":true,"href":"https:\/\/tienda2.actualizandome.com\/index.php?rest_route=%2Fwp%2Fv2%2Fproduct_cat&post=26928"},{"taxonomy":"product_tag","embeddable":true,"href":"https:\/\/tienda2.actualizandome.com\/index.php?rest_route=%2Fwp%2Fv2%2Fproduct_tag&post=26928"}],"curies":[{"name":"wp","href":"https:\/\/api.w.org\/{rel}","templated":true}]}}