{"id":26926,"date":"2025-07-18T13:12:46","date_gmt":"2025-07-18T18:12:46","guid":{"rendered":"https:\/\/tienda2.actualizandome.com\/?post_type=product&#038;p=26926"},"modified":"2026-02-25T13:33:42","modified_gmt":"2026-02-25T19:33:42","slug":"cfdi-facturas-4-0-version-escritorio-100-timbres","status":"publish","type":"product","link":"https:\/\/tienda2.actualizandome.com\/?product=cfdi-facturas-4-0-version-escritorio-100-timbres","title":{"rendered":"CFDI FACTURAS 4.0 Versi\u00f3n Escritorio 100 timbres"},"content":{"rendered":"","protected":false},"excerpt":{"rendered":"<p>Te la estoy poniendo f\u00e1cil. CFDi Facturas toma los clientes y productos de la versi\u00f3n anterior. Entonces, evitamos la doble captura de datos. Adem\u00e1s, tiene dos formatos PDF para representar el CFDi. Sigue siendo Windows y conservamos el dise\u00f1o que ya conoces.<\/p>\n<p><strong><em>El programa deja de ser compatible para Windows XP, Windows Vista, Windows Embedded y Windows 7 no se dara soporte a estos sistemas operativos.<\/em><\/strong><\/p>\n<p><strong>Requerido Windows 8 o superior.<\/strong><\/p>\n<ol>\n<li><em><strong>La asignaci\u00f3n m\u00ednima de timbres POR RFC es de 100 timbres.\u00a0<\/strong><\/em><\/li>\n<li><em><strong>1 a\u00f1o de vigencia para 1 rfc.<\/strong><\/em><\/li>\n<li><em><strong>La distribuci\u00f3n de timbres \u00fanicamente es por m\u00faltiplos de 100, no menos.<\/strong><\/em><\/li>\n<\/ol>\n<p><strong>Posterior a reportar el comprobante de pago, espera a recibir la notificaci\u00f3n de activaci\u00f3n, mediante un mail de parte de nuestra tienda virtual.<\/strong><\/p>\n<h3><strong>Periodo de activaci\u00f3n y notificaci\u00f3n de 1 hr a 48 hrs.<\/strong><\/h3>\n<p><a class=\"element-button large primary\" href=\"https:\/\/www.todocfdi.com.mx\/demo\/xcfdifacturas40\/index.html\" target=\"_blank\" rel=\"noopener noreferrer\">DESCARGAR AQU\u00cd\u2026<\/a><\/p>\n","protected":false},"featured_media":26927,"template":"","meta":[],"product_brand":[],"product_cat":[16],"product_tag":[],"class_list":{"0":"post-26926","1":"product","2":"type-product","3":"status-publish","4":"has-post-thumbnail","6":"product_cat-cfdi","8":"first","9":"instock","10":"virtual","11":"purchasable","12":"product-type-simple"},"_links":{"self":[{"href":"https:\/\/tienda2.actualizandome.com\/index.php?rest_route=\/wp\/v2\/product\/26926","targetHints":{"allow":["GET"]}}],"collection":[{"href":"https:\/\/tienda2.actualizandome.com\/index.php?rest_route=\/wp\/v2\/product"}],"about":[{"href":"https:\/\/tienda2.actualizandome.com\/index.php?rest_route=\/wp\/v2\/types\/product"}],"wp:featuredmedia":[{"embeddable":true,"href":"https:\/\/tienda2.actualizandome.com\/index.php?rest_route=\/wp\/v2\/media\/26927"}],"wp:attachment":[{"href":"https:\/\/tienda2.actualizandome.com\/index.php?rest_route=%2Fwp%2Fv2%2Fmedia&parent=26926"}],"wp:term":[{"taxonomy":"product_brand","embeddable":true,"href":"https:\/\/tienda2.actualizandome.com\/index.php?rest_route=%2Fwp%2Fv2%2Fproduct_brand&post=26926"},{"taxonomy":"product_cat","embeddable":true,"href":"https:\/\/tienda2.actualizandome.com\/index.php?rest_route=%2Fwp%2Fv2%2Fproduct_cat&post=26926"},{"taxonomy":"product_tag","embeddable":true,"href":"https:\/\/tienda2.actualizandome.com\/index.php?rest_route=%2Fwp%2Fv2%2Fproduct_tag&post=26926"}],"curies":[{"name":"wp","href":"https:\/\/api.w.org\/{rel}","templated":true}]}}