{"id":26873,"date":"2025-07-07T13:00:46","date_gmt":"2025-07-07T18:00:46","guid":{"rendered":"https:\/\/tienda2.actualizandome.com\/?post_type=product&#038;p=26873"},"modified":"2026-02-25T13:34:03","modified_gmt":"2026-02-25T19:34:03","slug":"cfdi-version-web-100-timbres","status":"publish","type":"product","link":"https:\/\/tienda2.actualizandome.com\/?product=cfdi-version-web-100-timbres","title":{"rendered":"CFDI Version Web 100 Timbres"},"content":{"rendered":"","protected":false},"excerpt":{"rendered":"<p>Usando el Microsoft Explorer, Mozilla, Chrome, solo se requiere un explorador, facturar desde tus dispositivos m\u00f3viles, sin problema.<\/p>\n<p><strong>LIGAS DE ACCESO VERSION 4.0<\/strong><\/p>\n<p><strong>CFDi 4.0:<\/strong><\/p>\n<p>CFDi Facturas:\u00a0<a href=\"https:\/\/www.todocfdi.com\/xcfdifacturas40\/loginx\">https:\/\/www.todocfdi.com\/xcfdifacturas40\/loginx<\/a><\/p>\n<p>CFDi Honorarios y Arrendamiento:\u00a0<a href=\"https:\/\/www.elcfdi.com\/xcfdihonorarios40\/loginx\">https:\/\/www.elcfdi.com\/xcfdihonorarios40\/loginx<\/a><\/p>\n<p>CFDi Escolar:\u00a0<a href=\"https:\/\/www.elcfdi.com\/xcfdiescolar40\/loginx\">https:\/\/www.elcfdi.com\/xcfdiescolar40\/loginx<\/a><\/p>\n<p>CFDi Taller Automotriz:\u00a0<a href=\"https:\/\/www.elcfdi.com\/xcfdiescolar40\/loginx\">https:\/\/www.elcfdi.com\/xcfdiescolar40\/loginx<\/a><\/p>\n<p>CFDi Hotel:\u00a0<a href=\"https:\/\/www.elcfdi.com\/xcfdihotel40\/loginx\">https:\/\/www.elcfdi.com\/xcfdihotel40\/loginx<\/a><\/p>\n<p>CFDi Donatarias:\u00a0<a href=\"https:\/\/www.elcfdi.com\/xcfdidonataria40\/loginx\">https:\/\/www.elcfdi.com\/xcfdidonataria40\/loginx<\/a><\/p>\n<p>Recibos de pago:\u00a0<a href=\"https:\/\/www.elcfdi.com\/xcfdipagos40\/loginx\">https:\/\/www.elcfdi.com\/xcfdipagos40\/loginx<\/a><\/p>\n<p class=\"desc\">Puedes seleccionar el formato en colores para el PDF, generar una y otra vez el PDF cambiando el dise\u00f1o. Hasta Vista Previa le hemos agregado.<\/p>\n<ul>\n<li class=\"desc\"><em><strong>Vigencia de los timbres 1 a\u00f1o<\/strong><\/em><\/li>\n<li class=\"desc\"><em><strong>Asignaci\u00f3n m\u00ednima por RFC es de 100 timbres.<\/strong><\/em><\/li>\n<li class=\"desc\"><em><strong>Distribuci\u00f3n de timbres, \u00fanicamente es por m\u00faltiplos de 100, no menos.<\/strong><\/em><\/li>\n<\/ul>\n<p><strong>Posterior a reportar el comprobante de pago, espera a recibir la clave de activaci\u00f3n, mediante un mail de parte de nuestra tienda virtual.<\/strong><\/p>\n<h3><strong>Periodo de activaci\u00f3n y notificaci\u00f3n de 1 hr a 48 hrs.<\/strong><\/h3>\n","protected":false},"featured_media":26872,"template":"","meta":[],"product_brand":[],"product_cat":[16],"product_tag":[],"class_list":{"0":"post-26873","1":"product","2":"type-product","3":"status-publish","4":"has-post-thumbnail","6":"product_cat-cfdi","8":"first","9":"instock","10":"virtual","11":"purchasable","12":"product-type-simple"},"_links":{"self":[{"href":"https:\/\/tienda2.actualizandome.com\/index.php?rest_route=\/wp\/v2\/product\/26873","targetHints":{"allow":["GET"]}}],"collection":[{"href":"https:\/\/tienda2.actualizandome.com\/index.php?rest_route=\/wp\/v2\/product"}],"about":[{"href":"https:\/\/tienda2.actualizandome.com\/index.php?rest_route=\/wp\/v2\/types\/product"}],"wp:featuredmedia":[{"embeddable":true,"href":"https:\/\/tienda2.actualizandome.com\/index.php?rest_route=\/wp\/v2\/media\/26872"}],"wp:attachment":[{"href":"https:\/\/tienda2.actualizandome.com\/index.php?rest_route=%2Fwp%2Fv2%2Fmedia&parent=26873"}],"wp:term":[{"taxonomy":"product_brand","embeddable":true,"href":"https:\/\/tienda2.actualizandome.com\/index.php?rest_route=%2Fwp%2Fv2%2Fproduct_brand&post=26873"},{"taxonomy":"product_cat","embeddable":true,"href":"https:\/\/tienda2.actualizandome.com\/index.php?rest_route=%2Fwp%2Fv2%2Fproduct_cat&post=26873"},{"taxonomy":"product_tag","embeddable":true,"href":"https:\/\/tienda2.actualizandome.com\/index.php?rest_route=%2Fwp%2Fv2%2Fproduct_tag&post=26873"}],"curies":[{"name":"wp","href":"https:\/\/api.w.org\/{rel}","templated":true}]}}