{"id":16010,"date":"2019-02-16T14:14:47","date_gmt":"2019-02-16T19:14:47","guid":{"rendered":"http:\/\/tienda2.actualizandome.com\/?post_type=product&#038;p=16010"},"modified":"2025-09-22T09:23:13","modified_gmt":"2025-09-22T15:23:13","slug":"desmas","status":"publish","type":"product","link":"https:\/\/tienda2.actualizandome.com\/?product=desmas","title":{"rendered":"DesMas &#8211; Descarga masiva sin l\u00edmites de xmls y RFCs, miles de xmls en minutos."},"content":{"rendered":"","protected":false},"excerpt":{"rendered":"<h1><a href=\"http:\/\/www.chamlaty.com\/wp-content\/uploads\/2019\/02\/desmas.jpeg\"><img loading=\"lazy\" decoding=\"async\" class=\"alignnone wp-image-32853\" src=\"http:\/\/www.chamlaty.com\/wp-content\/uploads\/2019\/02\/desmas.jpeg\" alt=\"\" width=\"382\" height=\"496\" \/><\/a><\/h1>\n<p><span style=\"color: #ff0000;\"><strong>LICENCIA ANUAL por equipo, si su equipo se da\u00f1a, la formatean, cambian disco, etc y reinstalan el programa y arroja un nuevo serial que no acepta la licencia enviada, deber\u00e1 adquirir nuevamente una licencia.<\/strong><\/span><\/p>\n<p><span style=\"color: #e14d43;\"><strong>Versi\u00f3n 1.0.6<\/strong><\/span><\/p>\n<p><span style=\"color: #e14d43;\"><strong>-Descarga con uso de la metadata para asegurar el total de comprobantes.<\/strong><\/span><br \/>\n<span style=\"color: #e14d43;\"><strong>-Descarga por medio de los Web Services<\/strong><\/span><\/p>\n<p><span style=\"color: #e14d43;\"><strong>Nota: Necesario contar, por lo menos, con NetFramework v4.6<\/strong><\/span><\/p>\n<h1><strong>DesMas &#8211;\u00a0 Descarga masiva sin l\u00edmites en descargas y RFCs, miles de xmls en minutos.<\/strong><\/h1>\n<h1><strong>\u00a0Aplicaci\u00f3n para la descarga masiva de CFDI 3.3\u00a0 del portal del SAT, exporta la informaci\u00f3n a Excel, PDF y organiza todas tus facturas de forma sencilla.<\/strong><\/h1>\n<p>&nbsp;<\/p>\n<h2><span style=\"color: #000000;\"><strong>Funcionalidades<\/strong><\/span><\/h2>\n<ul class=\"lead2\">\n<li><span style=\"color: #000000;\"><strong>Descarga xmls sin limitantes de RFC, olv\u00eddate de pagar por RFC.<\/strong><\/span><\/li>\n<li><span style=\"color: #000000;\"><strong>Descarga directamente del SAT todos\u00a0 tus comprobantes:<\/strong><\/span>\n<ul>\n<li><span style=\"color: #000000;\"><strong>Emitidos y recibidos.<\/strong><\/span><\/li>\n<li><span style=\"color: #000000; font-size: 100%;\"><strong>No tiene la limitante de descargar por d\u00eda, hemos descargado hasta bloques de 25,000 sin problemas en rangos de 10 a 20 minutos dependiendo de la velocidad de internet siempre que el portal del SAT no se encuentre inestable.<\/strong><\/span><\/li>\n<li style=\"text-align: justify;\">\n<ul>\n<li><\/li>\n<\/ul>\n<\/li>\n<li><a href=\"http:\/\/www.chamlaty.com\/wp-content\/uploads\/2019\/02\/Captura-de-pantalla-2019-02-16-a-las-15.23.48.png\"><img loading=\"lazy\" decoding=\"async\" class=\"alignnone size-full wp-image-32854\" src=\"http:\/\/www.chamlaty.com\/wp-content\/uploads\/2019\/02\/Captura-de-pantalla-2019-02-16-a-las-15.23.48.png\" alt=\"\" width=\"907\" height=\"524\" \/><\/a><\/li>\n<\/ul>\n<\/li>\n<li><span style=\"color: #000000;\"><strong><span style=\"font-size: 100%;\">Recupera facturas que<\/span> tus proveedores nunca te mandaron por correo (bancos, restaurantes en carretera, etc.).<\/strong><\/span><\/li>\n<li><span style=\"color: #000000;\"><strong>Valida tus comprobantes &#8211; Vigente-Cancelado.<\/strong><\/span><\/li>\n<li><span style=\"color: #000000;\"><strong>Genera reportes a Excel facilitando el desglose de impuestos por comprobante.<\/strong><\/span><\/li>\n<li><span style=\"color: #000000;\"><strong>Convierte los xmls en versi\u00f3n pdf de manera individual y masiva.<\/strong><\/span><\/li>\n<li><span style=\"color: #000000;\"><strong>LICENCIA ANUAL por equipo.<\/strong><\/span><\/li>\n<li><span style=\"color: #000000;\"><strong>Necesario WIN 7 \u00f3 superior.<\/strong><\/span><\/li>\n<li><span style=\"color: #000000;\"><span style=\"color: #000000;\"><strong>Necesario ejecutar el programa como ADMINISTRADOR, clic derecho del mouse y propiedades, acceso directo,\u00a0opciones avanzadas\u00a0 ejecutar como administrador palomear casilla.<\/strong><\/span><\/span>\n<ul class=\"lead2\">\n<li style=\"text-align: justify;\"><\/li>\n<\/ul>\n<p><a href=\"http:\/\/www.chamlaty.com\/wp-content\/uploads\/2019\/02\/Captura-de-pantalla-2019-02-16-a-las-15.39.33.png\"><img loading=\"lazy\" decoding=\"async\" class=\"size-full wp-image-32855 aligncenter\" src=\"http:\/\/www.chamlaty.com\/wp-content\/uploads\/2019\/02\/Captura-de-pantalla-2019-02-16-a-las-15.39.33.png\" alt=\"\" width=\"384\" height=\"534\" \/><\/a><\/li>\n<li><span style=\"color: #000000;\"><strong>Si el antivirus bloquea ser\u00e1 necesario otorgarle permisos para su ejecuci\u00f3n.<\/strong><\/span><\/li>\n<\/ul>\n<p style=\"text-align: justify;\"><span style=\"font-size: 14pt;\"><strong>Levante su pedido de compra se le har\u00e1 llegar la liga de descarga, reporte el comprobante de pago con el No. de pedido en conjunto con\u00a0 el serial que obtendr\u00e1 al instalar el software,<\/strong><\/span><\/p>\n<p><a href=\"http:\/\/www.chamlaty.com\/wp-content\/uploads\/2019\/02\/ID.jpg\"><img loading=\"lazy\" decoding=\"async\" class=\"size-full wp-image-32856 aligncenter\" src=\"http:\/\/www.chamlaty.com\/wp-content\/uploads\/2019\/02\/ID.jpg\" alt=\"\" width=\"287\" height=\"131\" \/><\/a><\/p>\n<p style=\"text-align: justify;\"><span style=\"font-size: 14pt;\"><strong>\u00a0con el cual generaremos su licencia, el cual le enviaremos por mail\u00a0 o bien puede enlazarnos por\u00a0<a href=\"http:\/\/facebook.com\/actualizandomecom\" target=\"_blank\" rel=\"noopener\">facebook.com\/actualizandomecom\u00a0 para otorg\u00e1rsela,<\/a><\/strong><\/span><\/p>\n<h4><span style=\"color: #000000;\"><strong>Periodo de activaci\u00f3n y notificaci\u00f3n de 10 hr a 48 hrs LUNES A VIERNES.<\/strong><\/span><\/h4>\n<h4><span style=\"color: #000000;\"><strong>NOTA: TODO ERROR O MENSAJE, SE REPORTA CON CAPTURA DE PANTALLA\u00a0COMPLETA DEL ERROR Y No. DE VERSI\u00d3N DEL SOFTWARE A SOPORTE@ACTUALIZANDOME.COM o www.facebook.com\/actualizandomecom<\/strong><\/span><\/h4>\n<h4><span style=\"color: #000000;\"><strong>IMPORTANTE:\u00a0Si transcurrieron las 48 hrs y no recibi\u00f3 su licencia, debe<em>\u00a0verificar correos no deseados o spam, ya que en ocasiones nuestros mails se alojan ah\u00ed. En caso de no recibir el mail de notificaci\u00f3n puede solicitarlo mediante un mensaje a trav\u00e9s de nuestro Facebook\u00a0 Oficial\u00a0(<a style=\"color: #000000;\" href=\"https:\/\/www.facebook.com\/Actualizandomecom\/\">dando clic aqu\u00ed<\/a>),\u00a0proporcionando su No. de pedido.<\/em><\/strong><\/span><\/h4>\n<h4><span style=\"color: #ff0000;\"><strong>SI EL SAT DECIDE MODIFICAR EL ESQUEMA DE DESCARGA NO HABR\u00c1 DEVOLUCIONES, HAREMOS EN SU CASO EL ESFUERZO DE ACTUALIZAR EL ESQUEMA DE DESCARGA SIN OTORGAR GARANT\u00cdAS DE QUE ELLO OCURRA.<\/strong><\/span><\/h4>\n","protected":false},"featured_media":16011,"template":"","meta":[],"product_brand":[],"product_cat":[31],"product_tag":[],"class_list":{"0":"post-16010","1":"product","2":"type-product","3":"status-publish","4":"has-post-thumbnail","6":"product_cat-sin-categoria","8":"first","9":"outofstock","10":"downloadable","11":"virtual","12":"purchasable","13":"product-type-simple"},"_links":{"self":[{"href":"https:\/\/tienda2.actualizandome.com\/index.php?rest_route=\/wp\/v2\/product\/16010","targetHints":{"allow":["GET"]}}],"collection":[{"href":"https:\/\/tienda2.actualizandome.com\/index.php?rest_route=\/wp\/v2\/product"}],"about":[{"href":"https:\/\/tienda2.actualizandome.com\/index.php?rest_route=\/wp\/v2\/types\/product"}],"wp:featuredmedia":[{"embeddable":true,"href":"https:\/\/tienda2.actualizandome.com\/index.php?rest_route=\/wp\/v2\/media\/16011"}],"wp:attachment":[{"href":"https:\/\/tienda2.actualizandome.com\/index.php?rest_route=%2Fwp%2Fv2%2Fmedia&parent=16010"}],"wp:term":[{"taxonomy":"product_brand","embeddable":true,"href":"https:\/\/tienda2.actualizandome.com\/index.php?rest_route=%2Fwp%2Fv2%2Fproduct_brand&post=16010"},{"taxonomy":"product_cat","embeddable":true,"href":"https:\/\/tienda2.actualizandome.com\/index.php?rest_route=%2Fwp%2Fv2%2Fproduct_cat&post=16010"},{"taxonomy":"product_tag","embeddable":true,"href":"https:\/\/tienda2.actualizandome.com\/index.php?rest_route=%2Fwp%2Fv2%2Fproduct_tag&post=16010"}],"curies":[{"name":"wp","href":"https:\/\/api.w.org\/{rel}","templated":true}]}}