{"id":26371,"date":"2025-02-27T13:28:37","date_gmt":"2025-02-27T18:28:37","guid":{"rendered":"https:\/\/tienda2.actualizandome.com\/?page_id=26371"},"modified":"2025-02-27T13:28:37","modified_gmt":"2025-02-27T18:28:37","slug":"estado-de-pedido","status":"publish","type":"page","link":"https:\/\/tienda2.actualizandome.com\/?page_id=26371","title":{"rendered":"Estado de Pedido"},"content":{"rendered":"<h1 class=\"gb-headline gb-headline-cc50ef5c gb-headline-text\"><div class=\"woocommerce\">\n<form action=\"https:\/\/tienda2.actualizandome.com\/?page_id=26371\" method=\"post\" class=\"woocommerce-form woocommerce-form-track-order track_order\">\n\n\t\n\t<p>Para hacer seguimiento de tu pedido, por favor introduce el ID de tu pedido en el cuadro de abajo y pulsa el bot\u00f3n \u00abSeguir\u00bb. Esto se envi\u00f3 en tu recibo y en el correo electr\u00f3nico de confirmaci\u00f3n que deber\u00edas haber recibido.<\/p>\n\n\t<p class=\"form-row form-row-first\"><label for=\"orderid\">ID de pedido<\/label> <input class=\"input-text\" type=\"text\" name=\"orderid\" id=\"orderid\" value=\"\" placeholder=\"Se encuentra en tu correo electr\u00f3nico de confirmaci\u00f3n de pedido.\" \/><\/p>\t<p class=\"form-row form-row-last\"><label for=\"order_email\">Correo electr\u00f3nico de facturaci\u00f3n<\/label> <input class=\"input-text\" type=\"text\" name=\"order_email\" id=\"order_email\" value=\"\" placeholder=\"El correo electr\u00f3nico que utilizaste durante el pago.\" \/><\/p>\t<div class=\"clear\"><\/div>\n\n\t\n\t<p class=\"form-row\"><button type=\"submit\" class=\"button\" name=\"track\" value=\"Seguir\">Seguir<\/button><\/p>\n\t<input type=\"hidden\" id=\"woocommerce-order-tracking-nonce\" name=\"woocommerce-order-tracking-nonce\" value=\"096bfeeb1d\" \/><input type=\"hidden\" name=\"_wp_http_referer\" value=\"\/index.php?rest_route=%2Fwp%2Fv2%2Fpages%2F26371\" \/>\n\t\n<\/form>\n<\/div><\/h1>\n","protected":false},"excerpt":{"rendered":"","protected":false},"author":1,"featured_media":0,"parent":0,"menu_order":0,"comment_status":"closed","ping_status":"closed","template":"","meta":{"footnotes":""},"class_list":["post-26371","page","type-page","status-publish","hentry"],"_links":{"self":[{"href":"https:\/\/tienda2.actualizandome.com\/index.php?rest_route=\/wp\/v2\/pages\/26371","targetHints":{"allow":["GET"]}}],"collection":[{"href":"https:\/\/tienda2.actualizandome.com\/index.php?rest_route=\/wp\/v2\/pages"}],"about":[{"href":"https:\/\/tienda2.actualizandome.com\/index.php?rest_route=\/wp\/v2\/types\/page"}],"author":[{"embeddable":true,"href":"https:\/\/tienda2.actualizandome.com\/index.php?rest_route=\/wp\/v2\/users\/1"}],"replies":[{"embeddable":true,"href":"https:\/\/tienda2.actualizandome.com\/index.php?rest_route=%2Fwp%2Fv2%2Fcomments&post=26371"}],"version-history":[{"count":1,"href":"https:\/\/tienda2.actualizandome.com\/index.php?rest_route=\/wp\/v2\/pages\/26371\/revisions"}],"predecessor-version":[{"id":26372,"href":"https:\/\/tienda2.actualizandome.com\/index.php?rest_route=\/wp\/v2\/pages\/26371\/revisions\/26372"}],"wp:attachment":[{"href":"https:\/\/tienda2.actualizandome.com\/index.php?rest_route=%2Fwp%2Fv2%2Fmedia&parent=26371"}],"curies":[{"name":"wp","href":"https:\/\/api.w.org\/{rel}","templated":true}]}}